{"id":2993,"date":"2024-02-16T15:22:34","date_gmt":"2024-02-16T15:22:34","guid":{"rendered":"https:\/\/bcn575.com\/legal\/"},"modified":"2024-03-29T09:59:52","modified_gmt":"2024-03-29T09:59:52","slug":"legal","status":"publish","type":"page","link":"https:\/\/bcn575.com\/ca\/legal\/","title":{"rendered":"Informaci\u00f3 Legal"},"content":{"rendered":"\n<p><strong>INFORMACI\u00d3<\/strong><\/p>\n\n\n\n<p>En compliment de la Llei 34\/2002, de 11 de juliol, de la societat de la informaci\u00f3 i de comer\u00e7 electr\u00f2nic,&nbsp;Janice Moret Chesa,&nbsp;l&#8217;informa que \u00e9s titular del lloc web: https:\/\/www.bcn575.com. D&#8217;acord amb l&#8217;exig\u00e8ncia de l&#8217;article 10 de l&#8217;esmentada Llei, notifica les seg\u00fcents dades: NIF: 18024524E i domicili social: Gran V\u00eda Corts Catalanes 575, 1-1 Codi Postal: 08011 Localitat: Barcelona Prov\u00edncia:&nbsp;Barcelona. La direcci\u00f3 de correu electr\u00f2nica de contacte amb l&#8217;empresa \u00e9s:&nbsp;info@bcn575.com<\/p>\n\n\n\n<p><strong>USUARI I R\u00c8GIM DE RESPONSABILITATS<\/strong><\/p>\n\n\n\n<p>La navegaci\u00f3 per acc\u00e9s o \u00fas de la p\u00e0gina web i tots els subdominis i directoris inclosos sota aquesta, aix\u00ed com els serveis o continguts que a trav\u00e9s d&#8217;ell es puguin obtenir i tots els portals de domini propi baix titularitat de Janice Moret Chesa, atorga la Condici\u00f3 d&#8217;Usuari, per la qual s&#8217;accepten, en navegar per la p\u00e0gina www.bcn575.com, totes les condicions d&#8217;\u00fas que s&#8217;estableixen aqu\u00ed sense perjudicar l&#8217;aplicaci\u00f3 de la corresponent normativa d&#8217;obligat compliment legal segons el cas.<\/p>\n\n\n\n<p>Per aix\u00f2, si les consideracions detallades en aquest av\u00eds legal no s\u00f3n de la seva conformitat, preguem no faci \u00fas del portal, ja que qualsevol \u00fas que faci del mateix o els serveis i continguts en ell inclosos implicar\u00e0 l&#8217;acceptaci\u00f3 dels termes legals recollits en aquest text.<\/p>\n\n\n\n<p>La p\u00e0gina web de BCN575 proporciona gran diversitat d&#8217;informaci\u00f3, serveis i dades. L&#8217;usuari assumeix la seva responsabilitat en l&#8217;\u00fas correcte dels llocs web. Aquesta responsabilitat s&#8217;estendr\u00e0 a: La veracitat i licitud de les informacions aportades per l&#8217;usuari en els formularis emesos per a accedir a determinats continguts o serveis oferts per la web. L&#8217;\u00fas de la informaci\u00f3, serveis i dades ofertes per BCN575 no aniran contra les disposicions d&#8217;aquestes condicions, la Llei, la moral, els bons costums o l&#8217;ordre p\u00fablic o que, en un altre cas, puguin suposar lesi\u00f3 dels drets de tercers o del funcionament dels llocs web. A aquest efecte, l&#8217;Usuari s&#8217;abstindr\u00e0 d&#8217;utilitzar qualsevol dels continguts amb finalitats o efectes il\u00b7l\u00edcits, prohibits en aquest text, lesius dels drets i interessos de tercers, o que de qualsevol forma puguin danyar, inutilitzar, sobrecarregar, deteriorar o impedir la normal utilitzaci\u00f3 dels continguts, altres Usuaris o de qualsevol usuari d&#8217;Internet (maquinari i programari).<br><br>Els usuaris respondran dels danys i perjudicis de tota naturalesa que l&#8217;empresa propiet\u00e0ria de la web pugui sofrir, directament o indirectament, a conseq\u00fc\u00e8ncia d&#8217;incompliment de qualsevol de les obligacions derivades de l&#8217;\u00fas de la Web i d&#8217;aquesta pol\u00edtica de privacitat.<\/p>\n\n\n\n<p>En particular, i a t\u00edtol merament indicatiu i no exhaustiu, l&#8217;Usuari es compromet a no transmetre, difondre o posar a la disposici\u00f3 de tercers informacions, dades, continguts, missatges, gr\u00e0fics, dibuixos, arxius de so i\/o imatge, fotografies de la web.<\/p>\n\n\n\n<p><strong>POL\u00cdTICA D\u2019ENLLA\u00c7OS I EXEMPCIONS DE RESPONSABILITAT DE&nbsp; BCN575:<\/strong><\/p>\n\n\n\n<p>No es fa responsable del contingut de les p\u00e0gines web a les quals pugui accedir l&#8217;usuari a trav\u00e9s dels enlla\u00e7os establerts en els seus llocs web i declara que en cap cas examinar\u00e0 ni exercitar\u00e0 cap mena de control sobre el contingut d&#8217;altres p\u00e0gines de la xarxa.<br><br>Tampoc garanteix la disponibilitat t\u00e8cnica, exactitud, veracitat, validesa o legalitat de p\u00e0gines alienes a la seva propietat a les quals es pugui accedir a trav\u00e9s dels enlla\u00e7os.<br><br>Declara que ha adoptat totes les mesures necess\u00e0ries per a evitar qualsevol mal que pugui derivar-se de la navegaci\u00f3 per les seves p\u00e0gines web. No es fa responsable, en cap cas, dels eventuals danys que pugui sofrir l&#8217;usuari a causa de la navegaci\u00f3 per Internet.<br><br>No es responsabilitza dels danys o perjudicis de qualsevol tipus produ\u00efts en l&#8217;Usuari que portin causa de fallades o desconnexions en les xarxes de telecomunicacions que produeixin la suspensi\u00f3, cancel\u00b7laci\u00f3, instal\u00b7laci\u00f3 o interrupci\u00f3 del servei de la web durant la prestaci\u00f3 del mateix o amb car\u00e0cter previ.<\/p>\n\n\n\n<p>L&#8217;acc\u00e9s a la web: https:\/\/www.bcn575.com no implica l&#8217;obligaci\u00f3 per part de l&#8217;empresa de controlar l&#8217;abs\u00e8ncia de virus o qualsevol altre element inform\u00e0tic nociu. Correspon a l&#8217;Usuari, en tot cas, la disponibilitat d&#8217;eines adequades per a la detecci\u00f3 i desinfecci\u00f3 de programes inform\u00e0tics nocius.<br><br>No es responsabilitza dels danys produ\u00efts en els equips inform\u00e0tics, documents i\/o fitxers dels Usuaris o de tercers durant la prestaci\u00f3 del servei en el Portal.<\/p>\n\n\n\n<p><strong>PUBLICITAT<\/strong><\/p>\n\n\n\n<p>El lloc web: https:\/\/www.bcn575.com, podr\u00e0 allotjar continguts publicitaris o patrocinats. Els anunciants o patrocinadors s\u00f3n els \u00fanics responsables d&#8217;assegurar-se que el material rem\u00e8s per a la seva inclusi\u00f3 en la web compleix amb les lleis que en cada cas puguin ser aplicable.<br><br>Janice Moret Chesa no ser\u00e0 responsable de qualsevol error, inexactitud o irregularitat que puguin contenir els continguts publicitaris o dels patrocinadors.<\/p>\n\n\n\n<p><strong>MODIFICACIONS<\/strong><\/p>\n\n\n\n<p>Janice Moret Chesa es reserva el dret a realitzar les modificacions que consideri oportunes, sense av\u00eds previ, en el contingut dels seus llocs web, tant quant als continguts dels llocs web com per les seves condicions d&#8217;\u00fas o per les condicions generals de contractaci\u00f3. Aquestes modificacions podran realitzar-se, a trav\u00e9s dels seus llocs web, de qualsevol forma admissible en dret i seran d&#8217;obligat compliment durant el temps que estiguin publicades en la web i fins que no siguin modificades per altres posteriors.<\/p>\n\n\n\n<p><strong>PROPIETAT INTEL\u00b7LECTUAL<\/strong><\/p>\n\n\n\n<p>Els drets de propietat intel\u00b7lectual i industrial derivats de tots els textos, imatges, aix\u00ed com dels mitjans i formes de presentaci\u00f3 i muntatge de les seves p\u00e0gines pertanyen, per si mateixos o com a cession\u00e0ria, a Janice Moret Chesa. Seran, per tant, obres protegides amb propietat intel\u00b7lectual per l&#8217;ordenament jur\u00eddic espanyol i se&#8217;ls podr\u00e0 aplicar tant la normativa espanyola i comunit\u00e0ria en aquest camp, com els tractats internacionals relatius a la mat\u00e8ria i subscrits per Espanya, Reial decret legislatiu 1\/1996.<br>Tots els drets reservats. En compliment de la Llei de la Propietat Intel\u00b7lectual es prohibeix expressament la reproducci\u00f3, distribuci\u00f3, comunicaci\u00f3 p\u00fablica i utilitzaci\u00f3 de la totalitat o part dels continguts de les seves p\u00e0gines web sense el consentiment expl\u00edcit de Janice Moret Chesa<br>Aix\u00ed mateix, Janice Moret Chesa es reserva la facultat de presentar les accions civils o penals que consideri oportunes per la utilitzaci\u00f3 indeguda de les seves p\u00e0gines web i continguts o per l&#8217;incompliment d&#8217;aquestes condicions.<\/p>\n\n\n\n<p><strong>ACCIONS LEGALS, LEGISLACI\u00d3N APLICABLE I JURISDICCI\u00d3<\/strong><\/p>\n\n\n\n<p>La relaci\u00f3 entre l&#8217;usuari i Janice Moret Chesa es regir\u00e0 per la normativa espanyola vigent i seran competents per a decidir sobre qualsevol controv\u00e8rsia que pugui sorgir entre l&#8217;usuari i Janice Moret Chesa, en els jutjats o tribunals de la localitat de, Barcelona.<\/p>\n\n\n\n<p><strong>RESERVA DE COOKIES<\/strong><\/p>\n\n\n\n<p>Janice Moret Chesa es reserva el dret d&#8217;utilitzar cookies en la navegaci\u00f3 de l&#8217;usuari pels seus llocs web per a facilitar la personalitzaci\u00f3 i comoditat de la navegaci\u00f3. Seguint la pol\u00edtica de protecci\u00f3 de dades de l&#8217;empresa, Janice Moret Chesa informa que les cookies s&#8217;associen a l&#8217;usuari an\u00f2nim i al seu ordinador i no proporcionen per si mateixes ni el nom ni els cognoms de l&#8217;usuari.<br><br>En aquest sentit, d&#8217;acord amb la sent\u00e8ncia de la Gran Sala de Just\u00edcia de la Uni\u00f3 Europea, d&#8217;1 d&#8217;octubre de 2019, i per la Guia de l&#8217;AEPD de juliol de 2020, la nostra \u2018pol\u00edtica de cookies\u2019 informa l&#8217;usuari del temps que aquestes cookies romandran actives en el terminal de l&#8217;usuari i de la possibilitat que tercers tinguin acc\u00e9s a la informaci\u00f3 que aquestes emmagatzemen. Aquesta sent\u00e8ncia modifica l&#8217;article 5, apartat 3, de la Directiva 2002\/58 per la Directiva 2009\/136.<br><br>Arran d&#8217;aquesta sent\u00e8ncia i del contingut de la Guia de l&#8217;AEPD de juliol de 2020, l&#8217;usuari t\u00e9 la possibilitat d&#8217;acceptar o rebutjar expl\u00edcitament l&#8217;\u00fas de les cookies i rebre m\u00e9s informaci\u00f3 d&#8217;aquestes. <br><br>Addicionalment, l&#8217;Usuari t\u00e9 la possibilitat de configurar el seu navegador de manera que sigui informat de la recepci\u00f3 de cookies, amb la possibilitat, si aix\u00ed ho desitja, d&#8217;impedir que s&#8217;instal\u00b7lin en el seu disc dur. En aquest sentit, per a accedir als llocs web de Janice Moret Chesa, no \u00e9s preceptiva la instal\u00b7laci\u00f3 de cookies.<br><br>L&#8217;usuari es compromet a abstenir-se de reproduir, copiar, distribuir, posar a disposici\u00f3 o de qualsevol altra forma comunicar p\u00fablicament, transformar o modificar els Continguts, tret que es compti amb l&#8217;autoritzaci\u00f3 del titular dels corresponents drets o aix\u00f2 resulti legalment perm\u00e8s.<\/p>\n\n\n\n<p><strong>PROTECCI\u00d3 DE DADES PERSONALS<\/strong><\/p>\n\n\n\n<p>De conformitat amb el que s&#8217;estableix per Reglament General-UE-2016\/679 del Parlament i Consell d&#8217;Europa de Protecci\u00f3 de Dades de Car\u00e0cter Personal, aprovat el 27 d&#8217;abril de 2016, la LOPD 3\/2018, de Garantia dels Drets Digitals, la Llei 34\/2002, de Serveis de la Societat de la Informaci\u00f3 i el Comer\u00e7 Electr\u00f2nic, i la Llei 9\/2014, General de Telecomunicacions, de 9 de maig, Janice Moret Chesa informa els usuaris de les seves p\u00e0gines web que estem obligats a guardar secret professional sobre les dades personals recaptades per l&#8217;empresa mitjan\u00e7ant els formularis situat en la seva p\u00e0gina web. Aquesta obligaci\u00f3 continuar\u00e0 fins i tot despr\u00e9s d&#8217;haver finalitzat la nostra relaci\u00f3 comercial o contractual, i en cap cas podrem fer p\u00fablics les dades personals dels visitants i clients a la web sense el seu consentiment.<br>Els menors de 14 anys no poden prestar el seu consentiment perqu\u00e8 un comer\u00e7 reculli i tracti les seves dades personals; nom\u00e9s els seus representants legals (pares o tutors) s\u00f3n els qui poden fer-ho en el seu nom. Aquells comer\u00e7os que necessitin tractar dades de menors de 14 anys, han de disposar dels mitjans per a obtenir el consentiment dels seus pares o tutors, per exemple, mitjan\u00e7ant un missatge de correu electr\u00f2nic dirigit a algun d&#8217;ells que contingui un enlla\u00e7 a un formulari electr\u00f2nic.<br><br>No es pot demanar als menors de 14 anys dades sobre l&#8217;\u00e0mbit familiar, sent l&#8217;\u00fanica excepci\u00f3 les dades d&#8217;identificaci\u00f3 i contacte dels pares o tutors.<br><br>Les dades recopilades seran tractats sota la responsabilitat de l&#8217;administrador de la web de, Janice Moret Chesa amb la finalitat de poder facilitar, agilitzar i complir els compromisos establerts entre totes dues parts.<\/p>\n\n\n\n<p>Aix\u00ed mateix, Janice Moret Chesa informa de la possibilitat d&#8217;exercir els drets d&#8217;acc\u00e9s, que permet a l&#8217;usuari web, con\u00e8ixer que dades personals t\u00e9 l&#8217;administrador d&#8217;aquesta p\u00e0gina i en tal cas contest\u00e9s en un termini de 30 dies, sempre que conservi les dades, rectificaci\u00f3, que permet corregir errors, modificar les dades que siguin inexactes o incomplets i garantir la certesa de la informaci\u00f3, oposici\u00f3 que podr\u00e0 sol\u00b7licitar i aconseguir que no dugui a terme el tractament de dades, supressi\u00f3 que permet que se suprimeixin les dades inadequades o excessives, limitaci\u00f3, pel qual pot sol\u00b7licitar que es limiti el tractament de les seves dades quan hagi exercit el seu dret a la rectificaci\u00f3 de les seves dades personals, i portabilitat, perqu\u00e8 l&#8217;usuari pugui obtenir una c\u00f2pia de les dades personals que hagi facilitat en la web a fi de poder transmetre&#8217;ls a altres serveis, aquests drets es podran exercir per qualsevol mitj\u00e0 que deixi const\u00e0ncia del seu enviament i de la seva recepci\u00f3 en l&#8217;adre\u00e7a indicada del Responsable del Tractament o al correu electr\u00f2nic: info@bcn575.com, aportant fotoc\u00f2pia del DNI o documentaci\u00f3 alternativa que acrediti la seva identitat.<br><br>Mentre no ens comuniqui el contrari, entendrem que les seves dades no han estat modificats, que vost\u00e8 es compromet a notificar-nos qualsevol variaci\u00f3 i que tenim el consentiment per a utilitzar-los a fi de poder fidelizar la relaci\u00f3 entre les parts.<\/p>\n\n\n\n<p>L&#8217;interessat t\u00e9 dret a presentar una reclamaci\u00f3 davant l&#8217;Ag\u00e8ncia Espanyola de Protecci\u00f3 de Dades en el sup\u00f2sit que consideri que no s&#8217;ha at\u00e8s convenientment l&#8217;exercici dels seus drets.<br>L&#8217;enviament de les seves dades mitjan\u00e7ant el\/els formularis de la nostra web estar\u00e0 supeditat obligat\u00f2riament al fet que hagi llegit\/acceptat la Pol\u00edtica de Privacitat, mitjan\u00e7ant una casella de selecci\u00f3 obligat\u00f2ria al peu del formulari.<br><br>D&#8217;acord amb el que s&#8217;estableix en la Llei 34\/2002, de Serveis de la Societat de la Informaci\u00f3 i el Comer\u00e7 Electr\u00f2nic en el seu article 21, demanem el seu consentiment per a poder realitzar comunicacions publicit\u00e0ries que considerem puguin ser del seu inter\u00e8s, per correu electr\u00f2nic o per qualsevol altre mitj\u00e0 de comunicaci\u00f3 electr\u00f2nica equivalent, aquest consentiment l&#8217;acceptar\u00e0 o negar\u00e0 amb una casella de selecci\u00f3 obligat\u00f2ria al peu del formulari.<\/p>\n","protected":false},"excerpt":{"rendered":"<p>INFORMACI\u00d3 En compliment de la Llei 34\/2002, de 11 de juliol, de la societat de la informaci\u00f3 i de comer\u00e7 electr\u00f2nic,&nbsp;Janice Moret Chesa,&nbsp;l&#8217;informa que \u00e9s titular del lloc web: https:\/\/www.bcn575.com. D&#8217;acord amb l&#8217;exig\u00e8ncia de l&#8217;article 10 de l&#8217;esmentada Llei, notifica les seg\u00fcents dades: NIF: 18024524E i domicili social: Gran V\u00eda Corts Catalanes 575, 1-1 Codi [&hellip;]<\/p>\n","protected":false},"author":2,"featured_media":0,"parent":0,"menu_order":0,"comment_status":"closed","ping_status":"closed","template":"","meta":{"footnotes":""},"class_list":["post-2993","page","type-page","status-publish","hentry"],"_links":{"self":[{"href":"https:\/\/bcn575.com\/ca\/wp-json\/wp\/v2\/pages\/2993","targetHints":{"allow":["GET"]}}],"collection":[{"href":"https:\/\/bcn575.com\/ca\/wp-json\/wp\/v2\/pages"}],"about":[{"href":"https:\/\/bcn575.com\/ca\/wp-json\/wp\/v2\/types\/page"}],"author":[{"embeddable":true,"href":"https:\/\/bcn575.com\/ca\/wp-json\/wp\/v2\/users\/2"}],"replies":[{"embeddable":true,"href":"https:\/\/bcn575.com\/ca\/wp-json\/wp\/v2\/comments?post=2993"}],"version-history":[{"count":3,"href":"https:\/\/bcn575.com\/ca\/wp-json\/wp\/v2\/pages\/2993\/revisions"}],"predecessor-version":[{"id":3000,"href":"https:\/\/bcn575.com\/ca\/wp-json\/wp\/v2\/pages\/2993\/revisions\/3000"}],"wp:attachment":[{"href":"https:\/\/bcn575.com\/ca\/wp-json\/wp\/v2\/media?parent=2993"}],"curies":[{"name":"wp","href":"https:\/\/api.w.org\/{rel}","templated":true}]}}